{"id":2672,"date":"2020-12-02T13:15:44","date_gmt":"2020-12-02T16:15:44","guid":{"rendered":"https:\/\/texiglass.com.br\/home\/"},"modified":"2026-03-05T15:08:31","modified_gmt":"2026-03-05T18:08:31","slug":"home","status":"publish","type":"page","link":"https:\/\/texiglass.com.br\/en\/","title":{"rendered":"Home"},"content":{"rendered":"\t\t<div data-elementor-type=\"wp-post\" data-elementor-id=\"2672\" class=\"elementor elementor-2672 elementor-722\" data-elementor-post-type=\"page\">\n\t\t\t\t\t\t<section class=\"elementor-section elementor-top-section elementor-element elementor-element-53db9ec1 elementor-section-full_width elementor-section-height-default elementor-section-height-default\" data-id=\"53db9ec1\" data-element_type=\"section\" data-e-type=\"section\">\n\t\t\t\t\t\t<div class=\"elementor-container elementor-column-gap-no\">\n\t\t\t\t\t<div class=\"elementor-column elementor-col-100 elementor-top-column elementor-element elementor-element-7e928e98\" data-id=\"7e928e98\" data-element_type=\"column\" data-e-type=\"column\">\n\t\t\t<div class=\"elementor-widget-wrap elementor-element-populated\">\n\t\t\t\t\t\t<div class=\"elementor-element elementor-element-458eb4f6 elementor-widget elementor-widget-bdevs-banner-home1\" data-id=\"458eb4f6\" data-element_type=\"widget\" data-e-type=\"widget\" data-widget_type=\"bdevs-banner-home1.default\">\n\t\t\t\t<div class=\"elementor-widget-container\">\n\t\t\t\t\t\t \r\n\t\r\n\t<div class=\"home-slider\">\r\n        <div id=\"carouselExampleIndicators\" class=\"carousel slide\" data-ride=\"carousel\">\r\n            <div class=\"carousel-inner\" role=\"listbox\">  \r\n              \t\t\r\n\t\t\t\t\t\t\t            <div class=\"carousel-item active\" style=\"background-image: url('https:\/\/texiglass.com.br\/wp-content\/uploads\/2021\/07\/01.png')\">\r\n\t\t            \t\t                <div class=\"container\">\r\n\t\t                    <div class=\"slider-caption\">\r\n\t\t                    \t\t\t                        <h2 class=\"display-4 animated fadeInRight\"><span>PIONEERS IN COMPOSITE<\/span>\n<\/br>\n<span>TECHNOLOGY<\/span>\n<\/br>\n<\/h2>\r\n\t\t                        \t\r\n\t\t                        \t\r\n\t\t                        \t\t                        <div class=\"btn-more\"><a class=\"btn btn-slider\" href=\"https:\/\/texiglass.com.br\/en\/contact\/\" role=\"button\">CONTACT US<\/a><\/div>\r\n\t\t                        \t\r\n\t\t                    <\/div>  \r\n\t\t                <\/div>\r\n\t\t            <\/div>\r\n           \t\t\t\r\n\t\t\t\t\t\t\t            <div class=\"carousel-item\" style=\"background-image: url('https:\/\/texiglass.com.br\/wp-content\/uploads\/2022\/06\/02-min.png')\">\r\n\t\t            \t\t                <div class=\"container\">\r\n\t\t                    <div class=\"slider-caption\">\r\n\t\t                    \t\t\t                        <h2 class=\"display-4 animated fadeInRight\"><span>REVOLUTION IN FIBERGLASS<\/span>\n<\/br>\n<span>APPLICATIONS<\/span>\n<\/br>\n<\/h2>\r\n\t\t                        \t\r\n\t\t                        \t\r\n\t\t                        \t\t                        <div class=\"btn-more\"><a class=\"btn btn-slider\" href=\"https:\/\/texiglass.com.br\/en\/all-products\/\" role=\"button\">DISCOVER OUR PRODUCTS<\/a><\/div>\r\n\t\t                        \t\r\n\t\t                    <\/div>  \r\n\t\t                <\/div>\r\n\t\t            <\/div>\r\n           \t\t\t\r\n\t\t\t\t\t\t\t            <div class=\"carousel-item\" style=\"background-image: url('https:\/\/texiglass.com.br\/wp-content\/uploads\/2022\/06\/03-min.png')\">\r\n\t\t            \t\t                <div class=\"container\">\r\n\t\t                    <div class=\"slider-caption\">\r\n\t\t                    \t\t\t                        <h2 class=\"display-4 animated fadeInRight\"><span>NUMBER 1 IN REINFORCEMENT<\/span>\n<\/br>\n<span>MATERIALS FOR COMPOSITES<\/span><\/h2>\r\n\t\t                        \t\r\n\t\t                        \t\r\n\t\t                        \t\t                        <div class=\"btn-more\"><a class=\"btn btn-slider\" href=\"https:\/\/texiglass.com.br\/en\/about-us\/\" role=\"button\">FIND MORE<\/a><\/div>\r\n\t\t                        \t\r\n\t\t                    <\/div>  \r\n\t\t                <\/div>\r\n\t\t            <\/div>\r\n           \t\t \r\n            <\/div>\r\n            <a class=\"carousel-control-prev\" href=\"#carouselExampleIndicators\" role=\"button\" data-slide=\"prev\">\r\n              <span class=\"carousel-control-prev-icon\" aria-hidden=\"true\"><\/span> \r\n            <\/a>\r\n            <a class=\"carousel-control-next\" href=\"#carouselExampleIndicators\" role=\"button\" data-slide=\"next\">\r\n              <span class=\"carousel-control-next-icon\" aria-hidden=\"true\"><\/span> \r\n            <\/a>\r\n          <\/div>  \r\n    <\/div> \r\n  \r\n\t\t\t\t\t<\/div>\n\t\t\t\t<\/div>\n\t\t\t\t<div class=\"elementor-element elementor-element-90500ca elementor-widget__width-inherit elementor-widget elementor-widget-bdevs-informations-section\" data-id=\"90500ca\" data-element_type=\"widget\" data-e-type=\"widget\" data-widget_type=\"bdevs-informations-section.default\">\n\t\t\t\t<div class=\"elementor-widget-container\">\n\t\t\t\t\t\t\r\n\r\n\r\n\t<div class=\"container-fluid construction-wide-banner\">\r\n        <div class=\"wide-banner-content\">\r\n        \t            <h2><a href=\"https:\/\/pt.slideshare.net\/TexiglassIndstriaeCo\" target=\"_blank\">TRANSFORMING THE FUTURE<\/a> <\/h2>\r\n            \t\r\n                        <p><span>We believe that disseminating knowledge is essential to ensure good solutions to challenges in the composites industry.<\/span>\n<\/br>\n<\/br>\n<strong><a target=\"_blank\" href=\"https:\/\/pt.slideshare.net\/TexiglassIndstriaeCo\/\">Access our presentations on composites, success stories and products.<\/a><\/strong>\n<\/p>\r\n            \t\r\n        <\/div>\r\n    <\/div>\r\n    \r\n    <div class=\"container construction-services informations-section\">\r\n        <div class=\"row hover-effects image-hover\">\r\n\r\n\t    \t\t        <div class=\"col-lg-4\">\r\n\t            <div class=\"thumbnail-box-alt\">\r\n\t            \t\t                <figure class=\"tb-image\"><img decoding=\"async\" src=\"https:\/\/texiglass.com.br\/wp-content\/uploads\/2022\/08\/quem-somos.jpg\" alt=\"\"><\/figure> \r\n\t                \t \r\n\t                <div class=\"tb-caption\">\r\n\t                    <div class=\"inner-caption\">\r\n\t                        <div class=\"ic-top\">\r\n\t                        \t\t                            <figure class=\"ic-icon\"><img decoding=\"async\" src=\"https:\/\/texiglass.com.br\/wp-content\/uploads\/2020\/12\/blood-1.png\" alt=\"\"><\/figure>\r\n\t                            \t\r\n\t                            \t                            <h3>Who is Texiglass? <\/h3>\r\n\t                            \t\r\n\t                        <\/div>\r\n\t                        \t                        <p><a class=\"text-red\" href=\"https:\/\/texiglass.com.br\/wp-content\/uploads\/2026\/03\/apresentacao.pdf\" target=\"_blank\">See <\/a>our presentation and discover this Brazilian company with the largest line of fiberglass, carbon fiber  and aramid fiber reinforcements in Latin America.<\/p>\r\n\t                        \t\r\n\t                    <\/div>\r\n\t                <\/div>\r\n\t            <\/div>  \r\n\t        <\/div>\r\n\t        \t        <div class=\"col-lg-4\">\r\n\t            <div class=\"thumbnail-box-alt\">\r\n\t            \t\t                <figure class=\"tb-image\"><img decoding=\"async\" src=\"https:\/\/texiglass.com.br\/wp-content\/uploads\/2020\/12\/Grupo-de-ma\u0301scara-1.png\" alt=\"\"><\/figure> \r\n\t                \t \r\n\t                <div class=\"tb-caption\">\r\n\t                    <div class=\"inner-caption\">\r\n\t                        <div class=\"ic-top\">\r\n\t                        \t\t                            <figure class=\"ic-icon\"><img decoding=\"async\" src=\"https:\/\/texiglass.com.br\/wp-content\/uploads\/2020\/12\/blood-1.png\" alt=\"\"><\/figure>\r\n\t                            \t\r\n\t                            \t                            <h3>The use of composites in\nconstruction sites, and their paradigms<\/h3>\r\n\t                            \t\r\n\t                        <\/div>\r\n\t                        \t                        <p><a class=\"text-red\" href=\"https:\/\/texiglass.com.br\/wp-content\/uploads\/2023\/06\/FEIPLAR-2022-A-utilizacao-dos-compositos-em-canteiros-de- obra-e-seus-.pdf\" target=\"_blank\">See<\/a> our presentation \"The use of composites in\nconstruction sites, and their paradigms\"<\/p>\r\n\t                        \t\r\n\t                    <\/div>\r\n\t                <\/div>\r\n\t            <\/div>  \r\n\t        <\/div>\r\n\t        \t        <div class=\"col-lg-4\">\r\n\t            <div class=\"thumbnail-box-alt\">\r\n\t            \t\t                <figure class=\"tb-image\"><img decoding=\"async\" src=\"https:\/\/texiglass.com.br\/wp-content\/uploads\/2020\/12\/Grupo-de-ma\u0301scara-2.png\" alt=\"\"><\/figure> \r\n\t                \t \r\n\t                <div class=\"tb-caption\">\r\n\t                    <div class=\"inner-caption\">\r\n\t                        <div class=\"ic-top\">\r\n\t                        \t\t                            <figure class=\"ic-icon\"><img decoding=\"async\" src=\"https:\/\/texiglass.com.br\/wp-content\/uploads\/2020\/12\/blood-1.png\" alt=\"\"><\/figure>\r\n\t                            \t\r\n\t                            \t                            <h3>Texiglass Technical Seminar: Strengthen to last\n<\/h3>\r\n\t                            \t\r\n\t                        <\/div>\r\n\t                        \t                        <p><a class=\"text-red\" href=\"https:\/\/pt.slideshare.net\/TexiglassIndstriaeCo\/conservao-de-rodovias-com-grelhas-de-fibra-de-vidro-cidex\" target=\"_blank\">Challenges of Pavement Conservation.<\/a>Success stories of CIDEX\u00ae fiberglass mesh to highways and airports\n<\/p>\r\n\t                        \t\r\n\t                    <\/div>\r\n\t                <\/div>\r\n\t            <\/div>  \r\n\t        <\/div>\r\n\t        \t        <div class=\"col-lg-4\">\r\n\t            <div class=\"thumbnail-box-alt\">\r\n\t            \t\t                <figure class=\"tb-image\"><img decoding=\"async\" src=\"https:\/\/texiglass.com.br\/wp-content\/uploads\/2021\/04\/Grupo-de-m-scara-3.jpg\" alt=\"\"><\/figure> \r\n\t                \t \r\n\t                <div class=\"tb-caption\">\r\n\t                    <div class=\"inner-caption\">\r\n\t                        <div class=\"ic-top\">\r\n\t                        \t\t                            <figure class=\"ic-icon\"><img decoding=\"async\" src=\"https:\/\/texiglass.com.br\/wp-content\/uploads\/2020\/12\/blood-1.png\" alt=\"\"><\/figure>\r\n\t                            \t\r\n\t                            \t                            <h3>The First National Thermoplastic Prepreg\n<\/h3>\r\n\t                            \t\r\n\t                        <\/div>\r\n\t                        \t                        <p><a class=\"text-red\" href=\"https:\/\/pt.slideshare.net\/TexiglassIndstriaeCo\/prepreg-termoplstico-texiglass\" target=\"_blank\">Case performed<\/a> in conjunction with the Technological Research Institute and the Light Structures Laboratory (IPT-LEL) - Carbon fiber + Polyamide 6\n<\/p>\r\n\t                        \t\r\n\t                    <\/div>\r\n\t                <\/div>\r\n\t            <\/div>  \r\n\t        <\/div>\r\n\t        \t        <div class=\"col-lg-4\">\r\n\t            <div class=\"thumbnail-box-alt\">\r\n\t            \t\t                <figure class=\"tb-image\"><img decoding=\"async\" src=\"https:\/\/texiglass.com.br\/wp-content\/uploads\/2020\/12\/Grupo-de-ma\u0301scara-2.png\" alt=\"\"><\/figure> \r\n\t                \t \r\n\t                <div class=\"tb-caption\">\r\n\t                    <div class=\"inner-caption\">\r\n\t                        <div class=\"ic-top\">\r\n\t                        \t\t                            <figure class=\"ic-icon\"><img decoding=\"async\" src=\"https:\/\/texiglass.com.br\/wp-content\/uploads\/2020\/12\/blood-1.png\" alt=\"\"><\/figure>\r\n\t                            \t\r\n\t                            \t                            <h3>Advanced composites and application trends<\/h3>\r\n\t                            \t\r\n\t                        <\/div>\r\n\t                        \t                        <p><a class=\"text-red\" href=\"https:\/\/texiglass.com.br\/wp-content\/uploads\/2023\/07\/Texiglass-CMTP-05-Julho-2023.pdf\" target=\"_blank\">View <\/a>our presentation \"Advanced Composites and Application Trends\"<\/p>\r\n\t                        \t\r\n\t                    <\/div>\r\n\t                <\/div>\r\n\t            <\/div>  \r\n\t        <\/div>\r\n\t         \r\n    \r\n        <\/div>\r\n    <\/div>\r\n \r\n\t\t\t\t\t<\/div>\n\t\t\t\t<\/div>\n\t\t\t\t<div class=\"elementor-element elementor-element-add3cdf elementor-widget elementor-widget-html\" data-id=\"add3cdf\" data-element_type=\"widget\" data-e-type=\"widget\" data-widget_type=\"html.default\">\n\t\t\t\t<div class=\"elementor-widget-container\">\n\t\t\t\t\t<script src=\"https:\/\/code.jquery.com\/jquery-3.5.1.min.js\">\n<\/script>\n\n<script>\njQuery(window).on('load', function() {\n\n    jQuery( \".informations-section .col-lg-4:nth-child(1) .thumbnail-box-alt\").wrap( \"<a href='https:\/\/www.slideshare.net\/Beatrizcarvalho155\/webinar-latam-feiplar' target='_blank'\/>\" );\n\njQuery( \".informations-section .col-lg-4:nth-child(2) .thumbnail-box-alt\").wrap( \"<a href='https:\/\/pt.slideshare.net\/TexiglassIndstriaeCo\/compsitos-seminrio-ampera-racing-ufsc-2018' target='_blank'\/>\" );\n\njQuery( \".informations-section .col-lg-4:nth-child(3) .thumbnail-box-alt\").wrap( \"<a href='https:\/\/pt.slideshare.net\/TexiglassIndstriaeCo\/conservao-de-rodovias-com-grelhas-de-fibra-de-vidro-cidex' target='_blank'\/>\" );\n\njQuery( \".informations-section .col-lg-4:nth-child(4) .thumbnail-box-alt\").wrap( \"<a href='https:\/\/pt.slideshare.net\/TexiglassIndstriaeCo\/prepreg-termoplstico-texiglass' target='_blank'\/>\" );\n\n\n});\n<\/script>\t\t\t\t<\/div>\n\t\t\t\t<\/div>\n\t\t\t\t<div class=\"elementor-element elementor-element-40d6491a elementor-widget__width-inherit elementor-hidden-desktop elementor-hidden-tablet elementor-hidden-mobile elementor-widget elementor-widget-bdevs-whyus-section\" data-id=\"40d6491a\" data-element_type=\"widget\" data-e-type=\"widget\" data-widget_type=\"bdevs-whyus-section.default\">\n\t\t\t\t<div class=\"elementor-widget-container\">\n\t\t\t\t\t\t\t\r\n\t\r\n\t<div class=\"container-fluid whyus-section\">\r\n        <div class=\"row\">\r\n                    <div class=\"col-lg-5 parallax-side\" style=\"background-image: url(https:\/\/texiglass.com.br\/wp-content\/uploads\/2020\/12\/Grupo-de-ma\u0301scara-21.png);\"><\/div>\r\n                    <div class=\"col-lg-7 content-side\">\r\n            <div class=\"inner-content\">\r\n              \t<div class=\"panel-title\">\r\n              \t\t\r\n                                <h2>A Texiglass Ind\u00fastria e Com\u00e9rcio T\u00eaxtil LTDA<\/h2>\r\n                \t\r\n              \t<\/div>\r\n              \t              \t<p><p>A TEXIGLASS\u00ae \u00e9 uma empresa especializada no desenvolvimento e fabrica\u00e7\u00e3o de novas tecnologias em tecidos e fitas de fibra de vidro, fibra de carbono e aramida (Kevlar), pr\u00e9-impregnados ou n\u00e3o.<\/p> \n\n<p>Presente h\u00e1 mais de 35 anos nos mercados de comp\u00f3sitos, isolamentos e constru\u00e7\u00e3o civil, a TEXIGLASS\u00ae \u00e9 l\u00edder na Am\u00e9rica Latina da maior linha de produtos de refor\u00e7os e conta com um know- how especializado em processos e materiais avan\u00e7ados.<\/p><p> Al\u00e9m de tecidos e fitas, a TEXIGLASS\u00ae desenvolve outras solu\u00e7\u00f5es que revolucionam as aplica\u00e7\u00f5es com fibras de refor\u00e7os, nos mais diversos mercados da ind\u00fastria brasileira e global.<\/p><\/p>\r\n              \t \r\n\r\n\t\t\t  \t\r\n            <\/div>\r\n          <\/div>\r\n        <\/div>\r\n    <\/div>\r\n\r\n\t\t\t\t\t<\/div>\n\t\t\t\t<\/div>\n\t\t\t\t\t<\/div>\n\t\t<\/div>\n\t\t\t\t\t<\/div>\n\t\t<\/section>\n\t\t\t\t<section class=\"elementor-section elementor-top-section elementor-element elementor-element-59c50ccd elementor-section-boxed elementor-section-height-default elementor-section-height-default\" data-id=\"59c50ccd\" data-element_type=\"section\" data-e-type=\"section\">\n\t\t\t\t\t\t<div class=\"elementor-container elementor-column-gap-default\">\n\t\t\t\t\t<div class=\"elementor-column elementor-col-25 elementor-top-column elementor-element elementor-element-2cba2180\" data-id=\"2cba2180\" data-element_type=\"column\" data-e-type=\"column\">\n\t\t\t<div class=\"elementor-widget-wrap\">\n\t\t\t\t\t\t\t<\/div>\n\t\t<\/div>\n\t\t\t\t<div class=\"elementor-column elementor-col-25 elementor-top-column elementor-element elementor-element-77458d2e\" data-id=\"77458d2e\" data-element_type=\"column\" data-e-type=\"column\">\n\t\t\t<div class=\"elementor-widget-wrap\">\n\t\t\t\t\t\t\t<\/div>\n\t\t<\/div>\n\t\t\t\t<div class=\"elementor-column elementor-col-50 elementor-top-column elementor-element elementor-element-4e08092a\" data-id=\"4e08092a\" data-element_type=\"column\" data-e-type=\"column\">\n\t\t\t<div class=\"elementor-widget-wrap\">\n\t\t\t\t\t\t\t<\/div>\n\t\t<\/div>\n\t\t\t\t\t<\/div>\n\t\t<\/section>\n\t\t\t\t<section class=\"elementor-section elementor-top-section elementor-element elementor-element-c1204ab elementor-section-boxed elementor-section-height-default elementor-section-height-default\" data-id=\"c1204ab\" data-element_type=\"section\" data-e-type=\"section\">\n\t\t\t\t\t\t<div class=\"elementor-container elementor-column-gap-default\">\n\t\t\t\t\t<div class=\"elementor-column elementor-col-100 elementor-top-column elementor-element elementor-element-976d171\" data-id=\"976d171\" data-element_type=\"column\" data-e-type=\"column\">\n\t\t\t<div class=\"elementor-widget-wrap\">\n\t\t\t\t\t\t\t<\/div>\n\t\t<\/div>\n\t\t\t\t\t<\/div>\n\t\t<\/section>\n\t\t\t\t<\/div>\n\t\t","protected":false},"excerpt":{"rendered":"<p>PIONEERS IN COMPOSITE TECHNOLOGY CONTACT US REVOLUTION IN FIBERGLASS APPLICATIONS DISCOVER OUR PRODUCTS NUMBER 1 IN REINFORCEMENT MATERIALS FOR COMPOSITES FIND MORE TRANSFORMING THE FUTURE We believe that disseminating knowledge is essential to ensure good solutions to challenges in the composites industry. Access our presentations on composites, success stories and products. Who is Texiglass? See [&hellip;]<\/p>\n","protected":false},"author":1,"featured_media":0,"parent":0,"menu_order":0,"comment_status":"closed","ping_status":"closed","template":"elementor_header_footer","meta":{"footnotes":""},"class_list":["post-2672","page","type-page","status-publish","hentry"],"aioseo_notices":[],"_links":{"self":[{"href":"https:\/\/texiglass.com.br\/en\/wp-json\/wp\/v2\/pages\/2672","targetHints":{"allow":["GET"]}}],"collection":[{"href":"https:\/\/texiglass.com.br\/en\/wp-json\/wp\/v2\/pages"}],"about":[{"href":"https:\/\/texiglass.com.br\/en\/wp-json\/wp\/v2\/types\/page"}],"author":[{"embeddable":true,"href":"https:\/\/texiglass.com.br\/en\/wp-json\/wp\/v2\/users\/1"}],"replies":[{"embeddable":true,"href":"https:\/\/texiglass.com.br\/en\/wp-json\/wp\/v2\/comments?post=2672"}],"version-history":[{"count":34,"href":"https:\/\/texiglass.com.br\/en\/wp-json\/wp\/v2\/pages\/2672\/revisions"}],"predecessor-version":[{"id":3343,"href":"https:\/\/texiglass.com.br\/en\/wp-json\/wp\/v2\/pages\/2672\/revisions\/3343"}],"wp:attachment":[{"href":"https:\/\/texiglass.com.br\/en\/wp-json\/wp\/v2\/media?parent=2672"}],"curies":[{"name":"wp","href":"https:\/\/api.w.org\/{rel}","templated":true}]}}