{"id":2604,"date":"2020-12-03T22:40:53","date_gmt":"2020-12-04T01:40:53","guid":{"rendered":"https:\/\/texiglass.com.br\/representatives\/"},"modified":"2023-10-05T17:41:57","modified_gmt":"2023-10-05T20:41:57","slug":"representatives","status":"publish","type":"page","link":"https:\/\/texiglass.com.br\/en\/representatives\/","title":{"rendered":"Representatives"},"content":{"rendered":"\t\t<div data-elementor-type=\"wp-page\" data-elementor-id=\"2604\" class=\"elementor elementor-2604 elementor-971\" data-elementor-post-type=\"page\">\n\t\t\t\t\t\t<section class=\"elementor-section elementor-top-section elementor-element elementor-element-debc2b7 elementor-section-boxed elementor-section-height-default elementor-section-height-default\" data-id=\"debc2b7\" data-element_type=\"section\" data-e-type=\"section\">\n\t\t\t\t\t\t<div class=\"elementor-container elementor-column-gap-default\">\n\t\t\t\t\t<div class=\"elementor-column elementor-col-100 elementor-top-column elementor-element elementor-element-8ca31a4\" data-id=\"8ca31a4\" data-element_type=\"column\" data-e-type=\"column\">\n\t\t\t<div class=\"elementor-widget-wrap elementor-element-populated\">\n\t\t\t\t\t\t<div class=\"elementor-element elementor-element-f02bd34 product-container elementor-widget elementor-widget-bdevs-breadcrumb\" data-id=\"f02bd34\" data-element_type=\"widget\" data-e-type=\"widget\" id=\"fixo\" data-settings=\"{&quot;sticky&quot;:&quot;top&quot;,&quot;sticky_offset&quot;:148,&quot;sticky_offset_tablet&quot;:121,&quot;sticky_offset_mobile&quot;:75,&quot;sticky_on&quot;:[&quot;desktop&quot;,&quot;tablet&quot;,&quot;mobile&quot;],&quot;sticky_effects_offset&quot;:0,&quot;sticky_anchor_link_offset&quot;:0}\" data-widget_type=\"bdevs-breadcrumb.default\">\n\t\t\t\t<div class=\"elementor-widget-container\">\n\t\t\t\t\t \r\n\t \r\n    <div class=\"sections\" style=\"background-image: url(https:\/\/texiglass.com.br\/wp-content\/uploads\/2023\/10\/Grupo-143-1.png);\">\r\n        <div class=\"container\">\r\n            <div class=\"pages-title\">\r\n                <h1><span>Representatives<\/span><\/h1>\r\n                <p><a href=\"https:\/\/texiglass.com.br\/en\/\">Home<\/a> &nbsp; > &nbsp; <a href=\"#\">Representatives<\/a><\/p>\r\n            <\/div>\r\n        <\/div>  \r\n    <\/div>\r\n\r\n\t\t\t\t\t<\/div>\n\t\t\t\t<\/div>\n\t\t\t\t<div class=\"elementor-element elementor-element-f2fb4d1 elementor-widget elementor-widget-html\" data-id=\"f2fb4d1\" data-element_type=\"widget\" data-e-type=\"widget\" data-widget_type=\"html.default\">\n\t\t\t\t<div class=\"elementor-widget-container\">\n\t\t\t\t\t<script>\n    jQuery(window).scroll(function(){\n    if (jQuery(this).scrollTop() > 50) {\n       jQuery('#fixo').addClass('fixo');\n    } else {\n       jQuery('#fixo').removeClass('fixo');\n    }\n});\n<\/script>\t\t\t\t<\/div>\n\t\t\t\t<\/div>\n\t\t\t\t\t<\/div>\n\t\t<\/div>\n\t\t\t\t\t<\/div>\n\t\t<\/section>\n\t\t\t\t<section class=\"elementor-section elementor-top-section elementor-element elementor-element-cb40473 elementor-section-boxed elementor-section-height-default elementor-section-height-default\" data-id=\"cb40473\" data-element_type=\"section\" data-e-type=\"section\">\n\t\t\t\t\t\t<div class=\"elementor-container elementor-column-gap-default\">\n\t\t\t\t\t<div class=\"elementor-column elementor-col-100 elementor-top-column elementor-element elementor-element-8af74e3\" data-id=\"8af74e3\" data-element_type=\"column\" data-e-type=\"column\">\n\t\t\t<div class=\"elementor-widget-wrap elementor-element-populated\">\n\t\t\t\t\t\t<div class=\"elementor-element elementor-element-d25fdd2 elementor-widget elementor-widget-text-editor\" data-id=\"d25fdd2\" data-element_type=\"widget\" data-e-type=\"widget\" data-widget_type=\"text-editor.default\">\n\t\t\t\t<div class=\"elementor-widget-container\">\n\t\t\t\t\t\t\t\t\t<h1 style=\"font-family: 'Roboto'; font-weight: 900; font-size: 26px; line-height: 26px; color: #2b2b2b; border-left: solid 4px #B82328; padding-left: 15px; margin-top: 40px;\">Representatives of fabrics for surfboards \u2013 Prompt delivery<\/h1>\n\t\t\t\t\t\t\t\t<\/div>\n\t\t\t\t<\/div>\n\t\t\t\t\t<\/div>\n\t\t<\/div>\n\t\t\t\t\t<\/div>\n\t\t<\/section>\n\t\t\t\t<section class=\"elementor-section elementor-top-section elementor-element elementor-element-1275a0c elementor-section-height-min-height elementor-section-content-middle elementor-section-boxed elementor-section-height-default elementor-section-items-middle\" data-id=\"1275a0c\" data-element_type=\"section\" data-e-type=\"section\">\n\t\t\t\t\t\t<div class=\"elementor-container elementor-column-gap-default\">\n\t\t\t\t\t<div class=\"elementor-column elementor-col-33 elementor-top-column elementor-element elementor-element-29e8217\" data-id=\"29e8217\" data-element_type=\"column\" data-e-type=\"column\">\n\t\t\t<div class=\"elementor-widget-wrap elementor-element-populated\">\n\t\t\t\t\t\t<div class=\"elementor-element elementor-element-c045c3f elementor-widget elementor-widget-text-editor\" data-id=\"c045c3f\" data-element_type=\"widget\" data-e-type=\"widget\" data-widget_type=\"text-editor.default\">\n\t\t\t\t<div class=\"elementor-widget-container\">\n\t\t\t\t\t\t\t\t\t<div class=\"card shadow-sm\" style=\"min-height: 200px;\">\n<div class=\"align-items-center card-body d-flex flex-column justify-content-center text-center\">\n<p class=\"text-danger mb-2\">S\u00e3o Paulo<\/p>\n<h5 style=\"color: #003771; font-weight: 900; font-family: 'Roboto';\">C\u00e9sar Alves &#8220;Salim&#8221;<\/h2>\n<p class=\"text-dark\">(11) 94727-2646<\/p>\n<p class=\"text-dark\">(11) 7819-9420<\/p>\n<\/p><\/div>\n<\/div>\n\t\t\t\t\t\t\t\t<\/div>\n\t\t\t\t<\/div>\n\t\t\t\t\t<\/div>\n\t\t<\/div>\n\t\t\t\t<div class=\"elementor-column elementor-col-33 elementor-top-column elementor-element elementor-element-0268632\" data-id=\"0268632\" data-element_type=\"column\" data-e-type=\"column\">\n\t\t\t<div class=\"elementor-widget-wrap elementor-element-populated\">\n\t\t\t\t\t\t<div class=\"elementor-element elementor-element-f9aa0b3 elementor-widget elementor-widget-text-editor\" data-id=\"f9aa0b3\" data-element_type=\"widget\" data-e-type=\"widget\" data-widget_type=\"text-editor.default\">\n\t\t\t\t<div class=\"elementor-widget-container\">\n\t\t\t\t\t\t\t\t\t<div class=\"card shadow-sm\" style=\"min-height: 200px;\">\n<div class=\"align-items-center card-body d-flex flex-column justify-content-center text-center\">\n<p class=\"text-danger mb-2\">Esp\u00edrito Santo<\/p>\n<h5 style=\"color: #003771; font-weight: 900; font-family: 'Roboto';\">Tropical Line (Jorge)<\/h5>\n<p class=\"text-dark\">(27) 99767-8136<\/p>\n<p class=\"text-dark\">(27) 98805-0064<\/p>\n<\/div>\n<\/div>\n\t\t\t\t\t\t\t\t<\/div>\n\t\t\t\t<\/div>\n\t\t\t\t\t<\/div>\n\t\t<\/div>\n\t\t\t\t<div class=\"elementor-column elementor-col-33 elementor-top-column elementor-element elementor-element-7099264\" data-id=\"7099264\" data-element_type=\"column\" data-e-type=\"column\">\n\t\t\t<div class=\"elementor-widget-wrap elementor-element-populated\">\n\t\t\t\t\t\t<div class=\"elementor-element elementor-element-36314b3 elementor-widget elementor-widget-text-editor\" data-id=\"36314b3\" data-element_type=\"widget\" data-e-type=\"widget\" data-widget_type=\"text-editor.default\">\n\t\t\t\t<div class=\"elementor-widget-container\">\n\t\t\t\t\t\t\t\t\t<div class=\"card shadow-sm\" style=\"min-height: 200px;\">\n<div class=\"align-items-center card-body d-flex flex-column justify-content-center text-center\">\n<p class=\"text-danger mb-2\">Santa Catarina<\/p>\n<h5 style=\"color: #003771; font-weight: 900; font-family: 'Roboto';\">Marcelo \u201cMacarr\u00e3o\u201d<\/h5>\n<p class=\"text-dark\">(48) 9189-9094<\/p>\n<\/div>\n<\/div>\n\t\t\t\t\t\t\t\t<\/div>\n\t\t\t\t<\/div>\n\t\t\t\t\t<\/div>\n\t\t<\/div>\n\t\t\t\t\t<\/div>\n\t\t<\/section>\n\t\t\t\t<section class=\"elementor-section elementor-top-section elementor-element elementor-element-cdae594 elementor-section-height-min-height elementor-section-content-middle elementor-section-boxed elementor-section-height-default elementor-section-items-middle\" data-id=\"cdae594\" data-element_type=\"section\" data-e-type=\"section\">\n\t\t\t\t\t\t<div class=\"elementor-container elementor-column-gap-default\">\n\t\t\t\t\t<div class=\"elementor-column elementor-col-33 elementor-top-column elementor-element elementor-element-70c755c\" data-id=\"70c755c\" data-element_type=\"column\" data-e-type=\"column\">\n\t\t\t<div class=\"elementor-widget-wrap elementor-element-populated\">\n\t\t\t\t\t\t<div class=\"elementor-element elementor-element-d7f852d elementor-widget elementor-widget-text-editor\" data-id=\"d7f852d\" data-element_type=\"widget\" data-e-type=\"widget\" data-widget_type=\"text-editor.default\">\n\t\t\t\t<div class=\"elementor-widget-container\">\n\t\t\t\t\t\t\t\t\t<div class=\"card shadow-sm\" style=\"min-height: 200px;\">\n<div class=\"align-items-center card-body d-flex flex-column justify-content-center text-center\">\n<p class=\"text-danger mb-2\">Nordeste<\/p>\n<h5 style=\"color: #003771; font-weight: 900; font-family: 'Roboto';\">Dcofibras<\/h5>\n<p class=\"text-dark\">(85) 3287-2700<\/p>\n<\/div>\n<\/div>\n\t\t\t\t\t\t\t\t<\/div>\n\t\t\t\t<\/div>\n\t\t\t\t\t<\/div>\n\t\t<\/div>\n\t\t\t\t<div class=\"elementor-column elementor-col-33 elementor-top-column elementor-element elementor-element-93edde6\" data-id=\"93edde6\" data-element_type=\"column\" data-e-type=\"column\">\n\t\t\t<div class=\"elementor-widget-wrap elementor-element-populated\">\n\t\t\t\t\t\t<div class=\"elementor-element elementor-element-ad84fbd elementor-widget elementor-widget-text-editor\" data-id=\"ad84fbd\" data-element_type=\"widget\" data-e-type=\"widget\" data-widget_type=\"text-editor.default\">\n\t\t\t\t<div class=\"elementor-widget-container\">\n\t\t\t\t\t\t\t\t\t<div class=\"card shadow-sm\" style=\"min-height: 200px;\">\n<div class=\"align-items-center card-body d-flex flex-column justify-content-center text-center\">\n<p class=\"text-danger mb-2\">Rio de Janeiro<\/p>\n<h5 style=\"color: #003771; font-weight: 900; font-family: 'Roboto';\">Interaction<\/h5>\n<p class=\"text-dark\">(21) 2442-2130<\/p>\n<\/div>\n<\/div>\n\t\t\t\t\t\t\t\t<\/div>\n\t\t\t\t<\/div>\n\t\t\t\t\t<\/div>\n\t\t<\/div>\n\t\t\t\t<div class=\"elementor-column elementor-col-33 elementor-top-column elementor-element elementor-element-907baa4\" data-id=\"907baa4\" data-element_type=\"column\" data-e-type=\"column\">\n\t\t\t<div class=\"elementor-widget-wrap elementor-element-populated\">\n\t\t\t\t\t\t<div class=\"elementor-element elementor-element-99330a5 elementor-widget elementor-widget-text-editor\" data-id=\"99330a5\" data-element_type=\"widget\" data-e-type=\"widget\" data-widget_type=\"text-editor.default\">\n\t\t\t\t<div class=\"elementor-widget-container\">\n\t\t\t\t\t\t\t\t\t<div class=\"card shadow-sm\" style=\"min-height: 200px;\">\n<div class=\"align-items-center card-body d-flex flex-column justify-content-center text-center\">\n<p class=\"text-danger mb-2\">Rio Grande do Sul<\/p>\n<h5 style=\"color: #003771; font-weight: 900; font-family: 'Roboto';\">Infront Esportes<\/h5>\n<p class=\"text-dark\">(51) 99122-4594<\/p>\n<\/div>\n<\/div>\n\t\t\t\t\t\t\t\t<\/div>\n\t\t\t\t<\/div>\n\t\t\t\t\t<\/div>\n\t\t<\/div>\n\t\t\t\t\t<\/div>\n\t\t<\/section>\n\t\t\t\t<\/div>\n\t\t","protected":false},"excerpt":{"rendered":"<p>Representatives Home &nbsp; > &nbsp; Representatives Representatives of fabrics for surfboards \u2013 Prompt delivery S\u00e3o Paulo C\u00e9sar Alves &#8220;Salim&#8221; (11) 94727-2646 (11) 7819-9420 Esp\u00edrito Santo Tropical Line (Jorge) (27) 99767-8136 (27) 98805-0064 Santa Catarina Marcelo \u201cMacarr\u00e3o\u201d (48) 9189-9094 Nordeste Dcofibras (85) 3287-2700 Rio de Janeiro Interaction (21) 2442-2130 Rio Grande do Sul Infront Esportes (51) [&hellip;]<\/p>\n","protected":false},"author":1,"featured_media":0,"parent":0,"menu_order":0,"comment_status":"closed","ping_status":"closed","template":"elementor_header_footer","meta":{"footnotes":""},"class_list":["post-2604","page","type-page","status-publish","hentry"],"aioseo_notices":[],"_links":{"self":[{"href":"https:\/\/texiglass.com.br\/en\/wp-json\/wp\/v2\/pages\/2604","targetHints":{"allow":["GET"]}}],"collection":[{"href":"https:\/\/texiglass.com.br\/en\/wp-json\/wp\/v2\/pages"}],"about":[{"href":"https:\/\/texiglass.com.br\/en\/wp-json\/wp\/v2\/types\/page"}],"author":[{"embeddable":true,"href":"https:\/\/texiglass.com.br\/en\/wp-json\/wp\/v2\/users\/1"}],"replies":[{"embeddable":true,"href":"https:\/\/texiglass.com.br\/en\/wp-json\/wp\/v2\/comments?post=2604"}],"version-history":[{"count":10,"href":"https:\/\/texiglass.com.br\/en\/wp-json\/wp\/v2\/pages\/2604\/revisions"}],"predecessor-version":[{"id":3317,"href":"https:\/\/texiglass.com.br\/en\/wp-json\/wp\/v2\/pages\/2604\/revisions\/3317"}],"wp:attachment":[{"href":"https:\/\/texiglass.com.br\/en\/wp-json\/wp\/v2\/media?parent=2604"}],"curies":[{"name":"wp","href":"https:\/\/api.w.org\/{rel}","templated":true}]}}