{"id":2585,"date":"2020-12-02T18:15:01","date_gmt":"2020-12-02T21:15:01","guid":{"rendered":"https:\/\/texiglass.com.br\/about-us\/"},"modified":"2023-10-04T15:26:47","modified_gmt":"2023-10-04T18:26:47","slug":"about-us","status":"publish","type":"page","link":"https:\/\/texiglass.com.br\/en\/about-us\/","title":{"rendered":"About US"},"content":{"rendered":"\t\t<div data-elementor-type=\"wp-page\" data-elementor-id=\"2585\" class=\"elementor elementor-2585 elementor-905\" data-elementor-post-type=\"page\">\n\t\t\t\t\t\t<section class=\"elementor-section elementor-top-section elementor-element elementor-element-63bb5878 elementor-section-full_width elementor-section-height-default elementor-section-height-default\" data-id=\"63bb5878\" data-element_type=\"section\" data-e-type=\"section\">\n\t\t\t\t\t\t<div class=\"elementor-container elementor-column-gap-no\">\n\t\t\t\t\t<div class=\"elementor-column elementor-col-100 elementor-top-column elementor-element elementor-element-7f1b87d1\" data-id=\"7f1b87d1\" data-element_type=\"column\" data-e-type=\"column\">\n\t\t\t<div class=\"elementor-widget-wrap elementor-element-populated\">\n\t\t\t\t\t\t<div class=\"elementor-element elementor-element-3328302f elementor-widget elementor-widget-bdevs-breadcrumb\" data-id=\"3328302f\" data-element_type=\"widget\" data-e-type=\"widget\" data-widget_type=\"bdevs-breadcrumb.default\">\n\t\t\t\t<div class=\"elementor-widget-container\">\n\t\t\t\t\t \r\n\t \r\n    <div class=\"sections\" style=\"background-image: url(https:\/\/texiglass.com.br\/wp-content\/uploads\/2020\/12\/Grupo-140.png);\">\r\n        <div class=\"container\">\r\n            <div class=\"pages-title\">\r\n                <h1><span>About US<\/span><\/h1>\r\n                <p><a href=\"https:\/\/texiglass.com.br\/en\/\">Home<\/a> &nbsp; > &nbsp; <a href=\"#\">About US<\/a><\/p>\r\n            <\/div>\r\n        <\/div>  \r\n    <\/div>\r\n\r\n\t\t\t\t\t<\/div>\n\t\t\t\t<\/div>\n\t\t\t\t<div class=\"elementor-element elementor-element-31ad3e86 elementor-widget elementor-widget-bdevs-about-section7\" data-id=\"31ad3e86\" data-element_type=\"widget\" data-e-type=\"widget\" data-widget_type=\"bdevs-about-section7.default\">\n\t\t\t\t<div class=\"elementor-widget-container\">\n\t\t\t\t\t\t\r\n \t\r\n\t<div class=\"container\">\r\n        <div class=\"row\">\r\n          <div class=\"col-lg-6\">\r\n            <div class=\"about-info\"> \r\n              \t                <h5>Texiglass\u00ae<\/h5>\r\n                \t\r\n                                <h2>Textile Industry and Commerce<\/h2> \r\n                \t\r\n                              \t<p>Founded in 1986, TEXIGLASS\u00ae Ind\u00fastria e Com\u00e9rcio T\u00eaxtil Ltda was created with the objective of supplying the segments of abrasive discs and surfboards, which until then were the main applications for reinforcement fabrics. However, with the evolution of lamination processes for composites, the need arose to develop new types of fabrics and fibers for these and several other segments.<p>              \t              \t            <\/div>\r\n          \t<\/div>\r\n          \t          \t<div class=\"col-lg-6 space-break\">\r\n           \t \t<figure class=\"about-img\"><img decoding=\"async\" src=\"https:\/\/texiglass.com.br\/wp-content\/uploads\/2022\/07\/Quem-somos.jpg\" alt=\"\"><\/figure>\r\n          \t<\/div>\r\n          \t        <\/div>\r\n        \t\r\n    <\/div>\r\n\r\n\t\t\t\t\t<\/div>\n\t\t\t\t<\/div>\n\t\t\t\t<section class=\"elementor-section elementor-inner-section elementor-element elementor-element-3d2e898 elementor-section-boxed elementor-section-height-default elementor-section-height-default\" data-id=\"3d2e898\" data-element_type=\"section\" data-e-type=\"section\">\n\t\t\t\t\t\t<div class=\"elementor-container elementor-column-gap-default\">\n\t\t\t\t\t<div class=\"elementor-column elementor-col-100 elementor-inner-column elementor-element elementor-element-6a9deb3\" data-id=\"6a9deb3\" data-element_type=\"column\" data-e-type=\"column\">\n\t\t\t<div class=\"elementor-widget-wrap elementor-element-populated\">\n\t\t\t\t\t\t<div class=\"elementor-element elementor-element-3633f7d elementor-widget elementor-widget-text-editor\" data-id=\"3633f7d\" data-element_type=\"widget\" data-e-type=\"widget\" data-widget_type=\"text-editor.default\">\n\t\t\t\t<div class=\"elementor-widget-container\">\n\t\t\t\t\t\t\t\t\t<p>TEXIGLASS\u00ae is currently specialized in the development and manufacture of new technologies in fiberglass, carbon fiber and aramid (Kevlar) fabrics and tapes &#8211; pre-impregnated or not. It is present in the composite, insulation and civil construction markets.<\/p><p>Today the company is Latin America\u2019s leader in reinforcement products and has specialized expertise in advanced materials and processes.<\/p><p>In addition to fabrics and tapes, TEXIGLASS\u00ae develops other solutions that revolutionize applications with reinforcement fibers, in the most diverse sectors of the Brazilian and global industry.<\/p>\t\t\t\t\t\t\t\t<\/div>\n\t\t\t\t<\/div>\n\t\t\t\t\t<\/div>\n\t\t<\/div>\n\t\t\t\t\t<\/div>\n\t\t<\/section>\n\t\t\t\t<div class=\"elementor-element elementor-element-58dcbb6 elementor-widget elementor-widget-bdevs-about-section7\" data-id=\"58dcbb6\" data-element_type=\"widget\" data-e-type=\"widget\" data-widget_type=\"bdevs-about-section7.default\">\n\t\t\t\t<div class=\"elementor-widget-container\">\n\t\t\t\t\t\t\r\n \t\r\n\t<div class=\"container\">\r\n        <div class=\"row\">\r\n          <div class=\"col-lg-6\">\r\n            <div class=\"about-info\"> \r\n              \t\t\r\n                \t\r\n                              \t            <\/div>\r\n          \t<\/div>\r\n          \t        <\/div>\r\n                <hr class=\"section-divider\">\r\n        <div class=\"about-bar\">\r\n            <div class=\"row\">\r\n              \t\t\r\n\t\t\t\t\t            <div class=\"col-lg-4\">\r\n\t            \t                <div class=\"ab-box\">\r\n\t                    <figure class=\"ab-icon\"><img decoding=\"async\" src=\"\" alt=\"\"><\/figure>  \r\n\t                    <div class=\"ab-caption\">\r\n\t                        <h4><\/h4>\r\n\t                        <p><div class=\"text-center w-100\"><a class=\"btn btn-hover-corner\" href=\"https:\/\/texiglass.com.br\/wp-content\/uploads\/2022\/03\/guia-conduta-anticorrupcao.pdf\" target=\"_blank\">ANTI-CORRUPTION GUIDE<\/a><\/div><\/p>\r\n\t                    <\/div>\r\n\t                <\/div>\r\n\t            <\/div>\r\n\t            \t\r\n\t\t\t\t\t            <div class=\"col-lg-4 center-box\">\r\n\t            \t                <div class=\"ab-box\">\r\n\t                    <figure class=\"ab-icon\"><img decoding=\"async\" src=\"\" alt=\"\"><\/figure>  \r\n\t                    <div class=\"ab-caption\">\r\n\t                        <h4><\/h4>\r\n\t                        <p><div class=\"text-center w-100\">\n<a class=\"btn btn-hover-corner\" href=\"https:\/\/texiglass.com.br\/wp-content\/uploads\/2023\/10\/certificate-BR040447-Ingles-validade-06-10-2026.pdf\" target=\"_blank\">iso 9001<\/a>\n<\/div>\n<\/p>\r\n\t                    <\/div>\r\n\t                <\/div>\r\n\t            <\/div>\r\n\t            \t\r\n\t\t\t\t\t            <div class=\"col-lg-4\">\r\n\t            \t                <div class=\"ab-box\">\r\n\t                    <figure class=\"ab-icon\"><img decoding=\"async\" src=\"\" alt=\"\"><\/figure>  \r\n\t                    <div class=\"ab-caption\">\r\n\t                        <h4><\/h4>\r\n\t                        <p><div class=\"text-center w-100\"><a class=\"btn btn-hover-corner\" href=\"https:\/\/texiglass.com.br\/wp-content\/uploads\/2022\/03\/politica-qualidade.pdf\" target=\"_blank\">QUALITY POLICY<\/a><\/div><\/p>\r\n\t                    <\/div>\r\n\t                <\/div>\r\n\t            <\/div>\r\n\t             \r\n            <\/div>\r\n        <\/div>\r\n        \t\r\n    <\/div>\r\n\r\n\t\t\t\t\t<\/div>\n\t\t\t\t<\/div>\n\t\t\t\t<div class=\"elementor-element elementor-element-9ad40e6 elementor-widget elementor-widget-spacer\" data-id=\"9ad40e6\" data-element_type=\"widget\" data-e-type=\"widget\" data-widget_type=\"spacer.default\">\n\t\t\t\t<div class=\"elementor-widget-container\">\n\t\t\t\t\t\t\t<div class=\"elementor-spacer\">\n\t\t\t<div class=\"elementor-spacer-inner\"><\/div>\n\t\t<\/div>\n\t\t\t\t\t\t<\/div>\n\t\t\t\t<\/div>\n\t\t\t\t\t<\/div>\n\t\t<\/div>\n\t\t\t\t\t<\/div>\n\t\t<\/section>\n\t\t\t\t<\/div>\n\t\t","protected":false},"excerpt":{"rendered":"<p>About US Home &nbsp; > &nbsp; About US Texiglass\u00ae Textile Industry and Commerce Founded in 1986, TEXIGLASS\u00ae Ind\u00fastria e Com\u00e9rcio T\u00eaxtil Ltda was created with the objective of supplying the segments of abrasive discs and surfboards, which until then were the main applications for reinforcement fabrics. However, with the evolution of lamination processes for composites, [&hellip;]<\/p>\n","protected":false},"author":1,"featured_media":0,"parent":0,"menu_order":0,"comment_status":"closed","ping_status":"closed","template":"elementor_header_footer","meta":{"footnotes":""},"class_list":["post-2585","page","type-page","status-publish","hentry"],"aioseo_notices":[],"_links":{"self":[{"href":"https:\/\/texiglass.com.br\/en\/wp-json\/wp\/v2\/pages\/2585","targetHints":{"allow":["GET"]}}],"collection":[{"href":"https:\/\/texiglass.com.br\/en\/wp-json\/wp\/v2\/pages"}],"about":[{"href":"https:\/\/texiglass.com.br\/en\/wp-json\/wp\/v2\/types\/page"}],"author":[{"embeddable":true,"href":"https:\/\/texiglass.com.br\/en\/wp-json\/wp\/v2\/users\/1"}],"replies":[{"embeddable":true,"href":"https:\/\/texiglass.com.br\/en\/wp-json\/wp\/v2\/comments?post=2585"}],"version-history":[{"count":33,"href":"https:\/\/texiglass.com.br\/en\/wp-json\/wp\/v2\/pages\/2585\/revisions"}],"predecessor-version":[{"id":3276,"href":"https:\/\/texiglass.com.br\/en\/wp-json\/wp\/v2\/pages\/2585\/revisions\/3276"}],"wp:attachment":[{"href":"https:\/\/texiglass.com.br\/en\/wp-json\/wp\/v2\/media?parent=2585"}],"curies":[{"name":"wp","href":"https:\/\/api.w.org\/{rel}","templated":true}]}}